{"id":326,"date":"2025-02-12T14:45:50","date_gmt":"2025-02-12T14:45:50","guid":{"rendered":"https:\/\/oniloja.zyrgon.dev\/?page_id=326"},"modified":"2025-02-21T11:41:39","modified_gmt":"2025-02-21T11:41:39","slug":"termos-e-condicoes","status":"publish","type":"page","link":"https:\/\/oniloja.zyrgon.dev\/pt-pt\/termos-e-condicoes\/","title":{"rendered":"Termos e Condi\u00e7\u00f5es"},"content":{"rendered":"\t\t<div data-elementor-type=\"wp-page\" data-elementor-id=\"326\" class=\"elementor elementor-326\" data-elementor-post-type=\"page\">\n\t\t\t\t\t\t<section class=\"elementor-section elementor-top-section elementor-element elementor-element-b9967f1 elementor-section-boxed elementor-section-height-default elementor-section-height-default\" data-id=\"b9967f1\" data-element_type=\"section\">\n\t\t\t\t\t\t<div class=\"elementor-container elementor-column-gap-default\">\n\t\t\t\t\t<div class=\"elementor-column elementor-col-100 elementor-top-column elementor-element elementor-element-4e108ab\" data-id=\"4e108ab\" data-element_type=\"column\">\n\t\t\t<div class=\"elementor-widget-wrap elementor-element-populated\">\n\t\t\t\t\t\t<div class=\"elementor-element elementor-element-776c3d0 elementor-widget elementor-widget-heading\" data-id=\"776c3d0\" data-element_type=\"widget\" data-widget_type=\"heading.default\">\n\t\t\t\t<div class=\"elementor-widget-container\">\n\t\t\t\t\t<h2 class=\"elementor-heading-title elementor-size-default\">Termos e Condi\u00e7\u00f5es<\/h2>\t\t\t\t<\/div>\n\t\t\t\t<\/div>\n\t\t\t\t\t<\/div>\n\t\t<\/div>\n\t\t\t\t\t<\/div>\n\t\t<\/section>\n\t\t\t\t<section class=\"elementor-section elementor-top-section elementor-element elementor-element-7033a09 terms elementor-section-boxed elementor-section-height-default elementor-section-height-default\" data-id=\"7033a09\" data-element_type=\"section\">\n\t\t\t\t\t\t<div class=\"elementor-container elementor-column-gap-default\">\n\t\t\t\t\t<div class=\"elementor-column elementor-col-100 elementor-top-column elementor-element elementor-element-14e5585\" data-id=\"14e5585\" data-element_type=\"column\">\n\t\t\t<div class=\"elementor-widget-wrap elementor-element-populated\">\n\t\t\t\t\t\t<div class=\"elementor-element elementor-element-e364ed0 elementor-widget elementor-widget-heading\" data-id=\"e364ed0\" data-element_type=\"widget\" data-widget_type=\"heading.default\">\n\t\t\t\t<div class=\"elementor-widget-container\">\n\t\t\t\t\t<h2 class=\"elementor-heading-title elementor-size-default\">Exatid\u00e3o, Integridade e a Temporalidade de Informa\u00e7\u00e3o\n<\/h2>\t\t\t\t<\/div>\n\t\t\t\t<\/div>\n\t\t\t\t<div class=\"elementor-element elementor-element-6df8ad3 elementor-widget elementor-widget-text-editor\" data-id=\"6df8ad3\" data-element_type=\"widget\" data-widget_type=\"text-editor.default\">\n\t\t\t\t<div class=\"elementor-widget-container\">\n\t\t\t\t\t\t\t\t\t<p>Ainda que sejam usados todos os meios ao nosso dispor para garantir a integridade da informa\u00e7\u00e3o, n\u00e3o assumimos, em caso algum, a responsabilidade se a informa\u00e7\u00e3o disponibilizada n\u00e3o for exata ou completa.<\/p><p>Qualquer modifica\u00e7\u00e3o que fa\u00e7a ao conte\u00fado disponibilizado nesta p\u00e1gina web ser\u00e1 efetuada por sua conta e risco, sendo, assim, respons\u00e1vel por tais altera\u00e7\u00f5es.<\/p>\t\t\t\t\t\t\t\t<\/div>\n\t\t\t\t<\/div>\n\t\t\t\t<div class=\"elementor-element elementor-element-2a580d4 elementor-widget elementor-widget-heading\" data-id=\"2a580d4\" data-element_type=\"widget\" data-widget_type=\"heading.default\">\n\t\t\t\t<div class=\"elementor-widget-container\">\n\t\t\t\t\t<h2 class=\"elementor-heading-title elementor-size-default\">Transmiss\u00e3o de Dados\n<\/h2>\t\t\t\t<\/div>\n\t\t\t\t<\/div>\n\t\t\t\t<div class=\"elementor-element elementor-element-6876025 elementor-widget elementor-widget-text-editor\" data-id=\"6876025\" data-element_type=\"widget\" data-widget_type=\"text-editor.default\">\n\t\t\t\t<div class=\"elementor-widget-container\">\n\t\t\t\t\t\t\t\t\t<p>Qualquer conte\u00fado ou comunica\u00e7\u00e3o de dados n\u00e3o pessoais que nos envie atrav\u00e9s de correio electr\u00f3nico ou qualquer outro meio, contendo dados, quest\u00f5es, coment\u00e1rios, sugest\u00f5es ou similares ser\u00e3o tratados como dados n\u00e3o confidenciais e sem direitos de propriedade.<\/p><p>Toda e qualquer informa\u00e7\u00e3o que nos envie ou que coloque no nosso website torna-se propriedade da oni.co.za e poder\u00e1 ser usada em qualquer circunst\u00e2ncia, incluindo a, divulga\u00e7\u00e3o, reprodu\u00e7\u00e3o, transmiss\u00e3o, publica\u00e7\u00e3o, difus\u00e3o e coloca\u00e7\u00e3o de conte\u00fados na web. A oni.co.za \u00e9 totalmente livre de usar, para qualquer finalidade que considere oportuna (incluindo, mas n\u00e3o limitado a, desenvolvimento, produ\u00e7\u00e3o, publicidade e marketing de produtos), as ideias, trabalhos criativos, inven\u00e7\u00f5es, desenvolvimento, sugest\u00f5es, e conceitos em geral presentes em qualquer comunica\u00e7\u00e3o que nos envie. O uso destes conte\u00fados est\u00e1 isento de compensa\u00e7\u00f5es monet\u00e1rias \u00e0 parte que disponibilizou a informa\u00e7\u00e3o.<\/p><p>Quando submete informa\u00e7\u00e3o no website da oni.co.za, garante, simultaneamente, que os conte\u00fados da mesma s\u00e3o da sua responsabilidade e n\u00e3o difamat\u00f3rios, e que o uso por parte da Oni \u2013 Import Export n\u00e3o violar\u00e1 quaisquer direitos de terceiros, nem a legisla\u00e7\u00e3o aplic\u00e1vel. A Oni \u2013 Import Export n\u00e3o \u00e9 obrigada a usar a informa\u00e7\u00e3o disponibilizada.<\/p>\t\t\t\t\t\t\t\t<\/div>\n\t\t\t\t<\/div>\n\t\t\t\t<div class=\"elementor-element elementor-element-e001e34 elementor-widget elementor-widget-heading\" data-id=\"e001e34\" data-element_type=\"widget\" data-widget_type=\"heading.default\">\n\t\t\t\t<div class=\"elementor-widget-container\">\n\t\t\t\t\t<h2 class=\"elementor-heading-title elementor-size-default\">Direitos de Propriedade Intelectual\n<\/h2>\t\t\t\t<\/div>\n\t\t\t\t<\/div>\n\t\t\t\t<div class=\"elementor-element elementor-element-6797d3d elementor-widget elementor-widget-text-editor\" data-id=\"6797d3d\" data-element_type=\"widget\" data-widget_type=\"text-editor.default\">\n\t\t\t\t<div class=\"elementor-widget-container\">\n\t\t\t\t\t\t\t\t\t<p>Todos os direitos de autor e restantes direitos de propriedade intelectual inerentes aos textos, imagens e outros conte\u00fados em geral, partilhados neste website, s\u00e3o propriedade da Oni \u2013 Import Export ou usados por esta com a autoriza\u00e7\u00e3o do respectivo propriet\u00e1rio.<\/p><p>Est\u00e1 autorizado a navegar, a reproduzir extractos de conte\u00fados deste website atrav\u00e9s de impress\u00e3o e a efetuar downloads para um disco r\u00edgido, com o objectivo de divulga\u00e7\u00e3o a outros indiv\u00edduos. Esta situa\u00e7\u00e3o \u00e9 apenas permitida sob a condi\u00e7\u00e3o de respeitar os direitos de autor e outros direitos intelectuais, e desde que seja efectuada uma men\u00e7\u00e3o \u00e0 marca acima descrita nessas reprodu\u00e7\u00f5es. A reprodu\u00e7\u00e3o total ou parcial do website para fins comerciais \u00e9 proibida, assim como a sua altera\u00e7\u00e3o e incorpora\u00e7\u00e3o em qualquer outro artigo, publica\u00e7\u00e3o ou website.<\/p><p>Nenhum conte\u00fado deste website pode ser interpretado no sentido de concess\u00e3o de uma licen\u00e7a, autoriza\u00e7\u00e3o ou direito para usar qualquer marca registada mencionada. O uso ou utiliza\u00e7\u00e3o incorreta ou abusiva da marca ou de quaisquer outros conte\u00fados deste website s\u00e3o expressamente proibidos, excepto na forma prevista nestes Termos e Condi\u00e7\u00f5es. A oni.co.za utilizar\u00e1, ainda, todos os mecanismos legais para proteger e refor\u00e7ar os seus direitos de propriedade intelectual.<\/p>\t\t\t\t\t\t\t\t<\/div>\n\t\t\t\t<\/div>\n\t\t\t\t<div class=\"elementor-element elementor-element-fae760f elementor-widget elementor-widget-heading\" data-id=\"fae760f\" data-element_type=\"widget\" data-widget_type=\"heading.default\">\n\t\t\t\t<div class=\"elementor-widget-container\">\n\t\t\t\t\t<h2 class=\"elementor-heading-title elementor-size-default\">Links de Acesso a Outros Websites\n<\/h2>\t\t\t\t<\/div>\n\t\t\t\t<\/div>\n\t\t\t\t<div class=\"elementor-element elementor-element-85b49c3 elementor-widget elementor-widget-text-editor\" data-id=\"85b49c3\" data-element_type=\"widget\" data-widget_type=\"text-editor.default\">\n\t\t\t\t<div class=\"elementor-widget-container\">\n\t\t\t\t\t\t\t\t\t<p>No website da Oni \u2013 Import Export poder\u00e1 encontrar links de acesso a outros websites alheios \u00e0 oni.co.za, por isso, n\u00e3o ser\u00e1 aceite oni.co.za qualquer responsabilidade pelos conte\u00fados, exatid\u00e3o, credibilidade e funcionalidades de websites pertencentes a terceiros. A disponibiliza\u00e7\u00e3o de tais links \u00e9 efectuada de boa f\u00e9, n\u00e3o podendo a oni.co.za ser responsabilizado pelas modifica\u00e7\u00f5es que sejam efectuadas em websites.<\/p><p>Aconselhamos que se informe e leia as informa\u00e7\u00f5es legais e as Pol\u00edticas de Privacidade de todos os website que visite.<\/p>\t\t\t\t\t\t\t\t<\/div>\n\t\t\t\t<\/div>\n\t\t\t\t<div class=\"elementor-element elementor-element-7192321 elementor-widget elementor-widget-heading\" data-id=\"7192321\" data-element_type=\"widget\" data-widget_type=\"heading.default\">\n\t\t\t\t<div class=\"elementor-widget-container\">\n\t\t\t\t\t<h2 class=\"elementor-heading-title elementor-size-default\">Garantias e Ren\u00fancia de Responsabilidade\n<\/h2>\t\t\t\t<\/div>\n\t\t\t\t<\/div>\n\t\t\t\t<div class=\"elementor-element elementor-element-c2cfca6 elementor-widget elementor-widget-text-editor\" data-id=\"c2cfca6\" data-element_type=\"widget\" data-widget_type=\"text-editor.default\">\n\t\t\t\t<div class=\"elementor-widget-container\">\n\t\t\t\t\t\t\t\t\t<p>A forma como utiliza este website e os conte\u00fados nele presentes \u00e9 exclusivamente da sua responsabilidade e risco.<\/p>\t\t\t\t\t\t\t\t<\/div>\n\t\t\t\t<\/div>\n\t\t\t\t<div class=\"elementor-element elementor-element-ac9b8c3 elementor-widget elementor-widget-heading\" data-id=\"ac9b8c3\" data-element_type=\"widget\" data-widget_type=\"heading.default\">\n\t\t\t\t<div class=\"elementor-widget-container\">\n\t\t\t\t\t<h2 class=\"elementor-heading-title elementor-size-default\">Garantias\n<\/h2>\t\t\t\t<\/div>\n\t\t\t\t<\/div>\n\t\t\t\t<div class=\"elementor-element elementor-element-a3bda79 elementor-widget elementor-widget-text-editor\" data-id=\"a3bda79\" data-element_type=\"widget\" data-widget_type=\"text-editor.default\">\n\t\t\t\t<div class=\"elementor-widget-container\">\n\t\t\t\t\t\t\t\t\t<p>Este website \u00e9 disponibilizado com os conte\u00fados e informa\u00e7\u00f5es que nele constam atualmente. A Oni \u2013 Import Export n\u00e3o oferece garantias de nenhum tipo, incluindo garantias ou compromissos de que o conte\u00fado desta p\u00e1gina web esteja completo, que o acesso a esta p\u00e1gina seja ininterrupto ou livre de erros, e que n\u00e3o contenha v\u00edrus. N\u00e3o garante que o website seja seguro e que qualquer conselho ou opini\u00e3o da Oni \u2013 Import Export, adquirido atrav\u00e9s deste website seja totalmente fi\u00e1vel, pelo que a oni.co.za n\u00e3o assume nenhum compromisso ou garantia sobre os aspetos mencionados.<\/p><p>\u00c9 importante que tenha em considera\u00e7\u00e3o que, em algumas jurisdi\u00e7\u00f5es, \u00e9 poss\u00edvel que n\u00e3o sejam admitidas exclus\u00f5es de garantias impl\u00edcitas, pelo que algumas destas exclus\u00f5es podem n\u00e3o lhe ser aplic\u00e1veis.<\/p><p>A Oni \u2013 Import Export reserva-se no direito de, a qualquer momento e sem aviso pr\u00e9vio, restringir, suspender e\/ou cancelar o acesso ao website ou a parte do mesmo e a qualquer funcionalidade presente nesta p\u00e1gina.<\/p>\t\t\t\t\t\t\t\t<\/div>\n\t\t\t\t<\/div>\n\t\t\t\t<div class=\"elementor-element elementor-element-010ce41 elementor-widget elementor-widget-heading\" data-id=\"010ce41\" data-element_type=\"widget\" data-widget_type=\"heading.default\">\n\t\t\t\t<div class=\"elementor-widget-container\">\n\t\t\t\t\t<h2 class=\"elementor-heading-title elementor-size-default\">Responsabilidade<\/h2>\t\t\t\t<\/div>\n\t\t\t\t<\/div>\n\t\t\t\t<div class=\"elementor-element elementor-element-00ef674 elementor-widget elementor-widget-text-editor\" data-id=\"00ef674\" data-element_type=\"widget\" data-widget_type=\"text-editor.default\">\n\t\t\t\t<div class=\"elementor-widget-container\">\n\t\t\t\t\t\t\t\t\t<p>A Oni \u2013 Import Export e\/ou qualquer outra entidade envolvida no processo de cria\u00e7\u00e3o, produ\u00e7\u00e3o e desenvolvimento deste website, n\u00e3o ser\u00e1 respons\u00e1vel, em caso algum, por danos diretos e\/ou indiretos, fortuitos, patrimoniais e\/ou n\u00e3o patrimoniais, por danos emergentes e\/ou lucros cessantes, ou quaisquer outros danos e\/ou custos, resultantes do seu acesso, uso ou incapacidade de uso, da altera\u00e7\u00e3o ao conte\u00fado deste website, de qualquer outro website a que aceda atrav\u00e9s de um link existente neste website, causados por qualquer medida que possamos adoptar, ou deixar de adoptar, como consequ\u00eancia de uma mensagem electr\u00f3nica que nos possa ter enviado.<\/p><p>A Oni \u2013 Import Export n\u00e3o assume qualquer tipo de responsabilidade por perdas e\/ou danos sofridos causados por v\u00edrus que possam afectar o seu computador, decorrente do acesso, uso ou download de conte\u00fados deste website. Se optar por efetuar downloads de conte\u00fados a partir deste website f\u00e1-lo-\u00e1 por sua conta e risco.<\/p><p>O utilizador declara, assim, renunciar terminantemente \u00e0 apresenta\u00e7\u00e3o de qualquer reclama\u00e7\u00e3o contra a Oni \u2013 Import Export e seus respons\u00e1veis, que possa resultar do uso ou acesso a esta p\u00e1gina web.<\/p>\t\t\t\t\t\t\t\t<\/div>\n\t\t\t\t<\/div>\n\t\t\t\t<div class=\"elementor-element elementor-element-4f4ef89 elementor-widget elementor-widget-heading\" data-id=\"4f4ef89\" data-element_type=\"widget\" data-widget_type=\"heading.default\">\n\t\t\t\t<div class=\"elementor-widget-container\">\n\t\t\t\t\t<h2 class=\"elementor-heading-title elementor-size-default\">Actividades Proibidas\n<\/h2>\t\t\t\t<\/div>\n\t\t\t\t<\/div>\n\t\t\t\t<div class=\"elementor-element elementor-element-c1e9af1 elementor-widget elementor-widget-text-editor\" data-id=\"c1e9af1\" data-element_type=\"widget\" data-widget_type=\"text-editor.default\">\n\t\t\t\t<div class=\"elementor-widget-container\">\n\t\t\t\t\t\t\t\t\t<p>Est\u00e3o interditadas quaisquer atividades que sejam consideradas pela Oni \u2013 Import Export como inapropriadas e\/ou que sejam suscept\u00edveis de serem ilegais de acordo com a legisla\u00e7\u00e3o aplic\u00e1vel a esta p\u00e1gina web, incluindo, mas n\u00e3o limitado a:<\/p><ul class=\"wp-block-list\"><li>Qualquer ato que possa consistir na viola\u00e7\u00e3o de privacidade (incluindo o envio para este website de informa\u00e7\u00f5es privadas sem o consentimento da pessoa em quest\u00e3o) ou de quaisquer outros direitos legais de pessoas f\u00edsicas;<\/li><li>Usar este website para difamar e\/ou injuriar a Oni \u2013 Import Export, os seus colaboradores, ou outras pessoas f\u00edsicas e\/ou colectivas, ou atuar de forma a desacreditar a reputa\u00e7\u00e3o da oni.co.za;<\/li><li>Enviar para este website ficheiros que contenham v\u00edrus que possam causar danos \u00e0 propriedade da Oni \u2013 Import Export ou \u00e0 propriedade de pessoas f\u00edsicas;<\/li><li>Colocar ou transmitir para este website qualquer conte\u00fado n\u00e3o autorizado, incluindo, mas n\u00e3o limitado a, conte\u00fados que causem, no nosso entendimento, danos ou preju\u00edzos, ou, ainda, que violem os sistemas de seguran\u00e7a da oni.co.za ou de terceiras pessoas, conte\u00fados que sejam difamat\u00f3rios, racistas, obscenos, amea\u00e7adores, de conte\u00fado pornogr\u00e1fico ou que se apresentem com conte\u00fados suscept\u00edveis de serem qualificados como il\u00edcitos em geral.<\/li><\/ul>\t\t\t\t\t\t\t\t<\/div>\n\t\t\t\t<\/div>\n\t\t\t\t<div class=\"elementor-element elementor-element-507231b elementor-widget elementor-widget-heading\" data-id=\"507231b\" data-element_type=\"widget\" data-widget_type=\"heading.default\">\n\t\t\t\t<div class=\"elementor-widget-container\">\n\t\t\t\t\t<h2 class=\"elementor-heading-title elementor-size-default\">Cookies<\/h2>\t\t\t\t<\/div>\n\t\t\t\t<\/div>\n\t\t\t\t<div class=\"elementor-element elementor-element-8369b82 elementor-widget elementor-widget-text-editor\" data-id=\"8369b82\" data-element_type=\"widget\" data-widget_type=\"text-editor.default\">\n\t\t\t\t<div class=\"elementor-widget-container\">\n\t\t\t\t\t\t\t\t\t<p>A Oni \u2013 Import Export utiliza tecnologia de pesquisa atrav\u00e9s de Cookies. A Pol\u00edtica da Oni \u2013 Import Export no uso de cookies est\u00e1 definida na Pol\u00edtica de Privacidade que pode ser acedida atrav\u00e9s deste\u00a0<span style=\"text-decoration: underline;\"><a href=\"\/politicas-de-privacidade\">link<\/a>.<\/span><\/p>\t\t\t\t\t\t\t\t<\/div>\n\t\t\t\t<\/div>\n\t\t\t\t<div class=\"elementor-element elementor-element-6637556 elementor-widget elementor-widget-heading\" data-id=\"6637556\" data-element_type=\"widget\" data-widget_type=\"heading.default\">\n\t\t\t\t<div class=\"elementor-widget-container\">\n\t\t\t\t\t<h2 class=\"elementor-heading-title elementor-size-default\">Contacto<\/h2>\t\t\t\t<\/div>\n\t\t\t\t<\/div>\n\t\t\t\t<div class=\"elementor-element elementor-element-e1bd500 elementor-widget elementor-widget-text-editor\" data-id=\"e1bd500\" data-element_type=\"widget\" data-widget_type=\"text-editor.default\">\n\t\t\t\t<div class=\"elementor-widget-container\">\n\t\t\t\t\t\t\t\t\t<p>Para o esclarecimento de qualquer quest\u00e3o relacionada com os presentes termos e condi\u00e7\u00f5es de utiliza\u00e7\u00e3o do site da Oni \u2013 Import Export, o utilizador dever\u00e1 contactar o email geral da Oni \u2013 Import Export:\u00a0<span style=\"text-decoration: underline;\"><a href=\"mailto:info@oni.co.za\">info@oni.co.za<\/a><\/span><\/p>\t\t\t\t\t\t\t\t<\/div>\n\t\t\t\t<\/div>\n\t\t\t\t<div class=\"elementor-element elementor-element-45e0718 elementor-widget elementor-widget-heading\" data-id=\"45e0718\" data-element_type=\"widget\" data-widget_type=\"heading.default\">\n\t\t\t\t<div class=\"elementor-widget-container\">\n\t\t\t\t\t<h2 class=\"elementor-heading-title elementor-size-default\">Actualiza\u00e7\u00f5es Legais\n<\/h2>\t\t\t\t<\/div>\n\t\t\t\t<\/div>\n\t\t\t\t<div class=\"elementor-element elementor-element-4a60e9d elementor-widget elementor-widget-text-editor\" data-id=\"4a60e9d\" data-element_type=\"widget\" data-widget_type=\"text-editor.default\">\n\t\t\t\t<div class=\"elementor-widget-container\">\n\t\t\t\t\t\t\t\t\t<p>Reservamo-nos no direito de alterar esta Pol\u00edtica de Privacidade. Por favor visite esta p\u00e1gina com regularidade para rever a informa\u00e7\u00e3o contida no website e eventuais informa\u00e7\u00f5es novas. Os termos e condi\u00e7\u00f5es s\u00e3o uma salva guarda para n\u00f3s e para si.<\/p><p>Estes Termos e Condi\u00e7\u00f5es foram revistos e actualizados a 24 de Maio de 2018.<\/p>\t\t\t\t\t\t\t\t<\/div>\n\t\t\t\t<\/div>\n\t\t\t\t\t<\/div>\n\t\t<\/div>\n\t\t\t\t\t<\/div>\n\t\t<\/section>\n\t\t\t\t<\/div>\n\t\t","protected":false},"excerpt":{"rendered":"<p>Exatid\u00e3o, Integridade e a Temporalidade de Informa\u00e7\u00e3o Ainda que sejam usados todos os meios ao nosso dispor para garantir a [&hellip;]<\/p>\n","protected":false},"author":3,"featured_media":0,"parent":0,"menu_order":0,"comment_status":"closed","ping_status":"closed","template":"","meta":{"site-sidebar-layout":"no-sidebar","site-content-layout":"","ast-site-content-layout":"full-width-container","site-content-style":"default","site-sidebar-style":"default","ast-global-header-display":"","ast-banner-title-visibility":"","ast-main-header-display":"","ast-hfb-above-header-display":"","ast-hfb-below-header-display":"","ast-hfb-mobile-header-display":"","site-post-title":"disabled","ast-breadcrumbs-content":"","ast-featured-img":"disabled","footer-sml-layout":"","theme-transparent-header-meta":"default","adv-header-id-meta":"","stick-header-meta":"","header-above-stick-meta":"","header-main-stick-meta":"","header-below-stick-meta":"","astra-migrate-meta-layouts":"set","ast-page-background-enabled":"default","ast-page-background-meta":{"desktop":{"background-color":"var(--ast-global-color-5)","background-image":"","background-repeat":"repeat","background-position":"center center","background-size":"auto","background-attachment":"scroll","background-type":"","background-media":"","overlay-type":"","overlay-color":"","overlay-opacity":"","overlay-gradient":""},"tablet":{"background-color":"","background-image":"","background-repeat":"repeat","background-position":"center center","background-size":"auto","background-attachment":"scroll","background-type":"","background-media":"","overlay-type":"","overlay-color":"","overlay-opacity":"","overlay-gradient":""},"mobile":{"background-color":"","background-image":"","background-repeat":"repeat","background-position":"center center","background-size":"auto","background-attachment":"scroll","background-type":"","background-media":"","overlay-type":"","overlay-color":"","overlay-opacity":"","overlay-gradient":""}},"ast-content-background-meta":{"desktop":{"background-color":"var(--ast-global-color-4)","background-image":"","background-repeat":"repeat","background-position":"center center","background-size":"auto","background-attachment":"scroll","background-type":"","background-media":"","overlay-type":"","overlay-color":"","overlay-opacity":"","overlay-gradient":""},"tablet":{"background-color":"var(--ast-global-color-4)","background-image":"","background-repeat":"repeat","background-position":"center center","background-size":"auto","background-attachment":"scroll","background-type":"","background-media":"","overlay-type":"","overlay-color":"","overlay-opacity":"","overlay-gradient":""},"mobile":{"background-color":"var(--ast-global-color-4)","background-image":"","background-repeat":"repeat","background-position":"center center","background-size":"auto","background-attachment":"scroll","background-type":"","background-media":"","overlay-type":"","overlay-color":"","overlay-opacity":"","overlay-gradient":""}},"footnotes":""},"class_list":["post-326","page","type-page","status-publish","hentry"],"_links":{"self":[{"href":"https:\/\/oniloja.zyrgon.dev\/pt-pt\/wp-json\/wp\/v2\/pages\/326","targetHints":{"allow":["GET"]}}],"collection":[{"href":"https:\/\/oniloja.zyrgon.dev\/pt-pt\/wp-json\/wp\/v2\/pages"}],"about":[{"href":"https:\/\/oniloja.zyrgon.dev\/pt-pt\/wp-json\/wp\/v2\/types\/page"}],"author":[{"embeddable":true,"href":"https:\/\/oniloja.zyrgon.dev\/pt-pt\/wp-json\/wp\/v2\/users\/3"}],"replies":[{"embeddable":true,"href":"https:\/\/oniloja.zyrgon.dev\/pt-pt\/wp-json\/wp\/v2\/comments?post=326"}],"version-history":[{"count":0,"href":"https:\/\/oniloja.zyrgon.dev\/pt-pt\/wp-json\/wp\/v2\/pages\/326\/revisions"}],"wp:attachment":[{"href":"https:\/\/oniloja.zyrgon.dev\/pt-pt\/wp-json\/wp\/v2\/media?parent=326"}],"curies":[{"name":"wp","href":"https:\/\/api.w.org\/{rel}","templated":true}]}}